{"id":646,"date":"2025-02-11T17:12:53","date_gmt":"2025-02-11T20:12:53","guid":{"rendered":"https:\/\/megagroomingshow.com.br\/?page_id=646"},"modified":"2025-03-21T09:26:52","modified_gmt":"2025-03-21T12:26:52","slug":"pesquisa","status":"publish","type":"page","link":"https:\/\/megagroomingshow.com.br\/es\/pesquisa\/","title":{"rendered":"Investigaci\u00f3n"},"content":{"rendered":"\t\t<div data-elementor-type=\"wp-page\" data-elementor-id=\"646\" class=\"elementor elementor-646\" data-elementor-post-type=\"page\">\n\t\t\t\t<div class=\"elementor-element elementor-element-7a25feb e-flex e-con-boxed e-con e-parent\" data-id=\"7a25feb\" data-element_type=\"container\" data-e-type=\"container\">\n\t\t\t\t\t<div class=\"e-con-inner\">\n\t\t\t\t<div class=\"elementor-element elementor-element-1560632 elementor-widget elementor-widget-image\" data-id=\"1560632\" data-element_type=\"widget\" data-e-type=\"widget\" data-widget_type=\"image.default\">\n\t\t\t\t<div class=\"elementor-widget-container\">\n\t\t\t\t\t\t\t\t\t\t\t\t\t\t\t<img fetchpriority=\"high\" decoding=\"async\" width=\"724\" height=\"1024\" src=\"https:\/\/megagroomingshow.com.br\/wp-content\/uploads\/2025\/02\/LogoHydra_Branco-1-724x1024.png\" class=\"attachment-large size-large wp-image-661\" alt=\"\" srcset=\"https:\/\/megagroomingshow.com.br\/wp-content\/uploads\/2025\/02\/LogoHydra_Branco-1-724x1024.png 724w, https:\/\/megagroomingshow.com.br\/wp-content\/uploads\/2025\/02\/LogoHydra_Branco-1-212x300.png 212w, https:\/\/megagroomingshow.com.br\/wp-content\/uploads\/2025\/02\/LogoHydra_Branco-1-768x1086.png 768w, https:\/\/megagroomingshow.com.br\/wp-content\/uploads\/2025\/02\/LogoHydra_Branco-1-1086x1536.png 1086w, https:\/\/megagroomingshow.com.br\/wp-content\/uploads\/2025\/02\/LogoHydra_Branco-1-1448x2048.png 1448w\" sizes=\"(max-width: 724px) 100vw, 724px\" \/>\t\t\t\t\t\t\t\t\t\t\t\t\t\t\t<\/div>\n\t\t\t\t<\/div>\n\t\t\t\t<div class=\"elementor-element elementor-element-901b450 elementor-widget elementor-widget-image\" data-id=\"901b450\" data-element_type=\"widget\" data-e-type=\"widget\" data-widget_type=\"image.default\">\n\t\t\t\t<div class=\"elementor-widget-container\">\n\t\t\t\t\t\t\t\t\t\t\t\t\t\t\t<img decoding=\"async\" width=\"800\" height=\"399\" src=\"https:\/\/megagroomingshow.com.br\/wp-content\/uploads\/2025\/02\/Responda-participe-e-concorra-\ud83c\udf9f\ufe0f-De-sua-opiniao-e-tenha-a-chance-de-garantir-um-ingresso-para-o-Mega-Grooming-Show-2026-1-2.jpg\" class=\"attachment-large size-large wp-image-689\" alt=\"\" srcset=\"https:\/\/megagroomingshow.com.br\/wp-content\/uploads\/2025\/02\/Responda-participe-e-concorra-\ud83c\udf9f\ufe0f-De-sua-opiniao-e-tenha-a-chance-de-garantir-um-ingresso-para-o-Mega-Grooming-Show-2026-1-2.jpg 1003w, https:\/\/megagroomingshow.com.br\/wp-content\/uploads\/2025\/02\/Responda-participe-e-concorra-\ud83c\udf9f\ufe0f-De-sua-opiniao-e-tenha-a-chance-de-garantir-um-ingresso-para-o-Mega-Grooming-Show-2026-1-2-300x150.jpg 300w, https:\/\/megagroomingshow.com.br\/wp-content\/uploads\/2025\/02\/Responda-participe-e-concorra-\ud83c\udf9f\ufe0f-De-sua-opiniao-e-tenha-a-chance-de-garantir-um-ingresso-para-o-Mega-Grooming-Show-2026-1-2-768x383.jpg 768w\" sizes=\"(max-width: 800px) 100vw, 800px\" \/>\t\t\t\t\t\t\t\t\t\t\t\t\t\t\t<\/div>\n\t\t\t\t<\/div>\n\t\t<div class=\"elementor-element elementor-element-b060cff e-con-full e-flex e-con e-child\" data-id=\"b060cff\" data-element_type=\"container\" data-e-type=\"container\">\n\t\t\t\t<div class=\"elementor-element elementor-element-bb3bbc2 elementor-widget elementor-widget-heading\" data-id=\"bb3bbc2\" data-element_type=\"widget\" data-e-type=\"widget\" data-widget_type=\"heading.default\">\n\t\t\t\t<div class=\"elementor-widget-container\">\n\t\t\t\t\t<h2 class=\"elementor-heading-title elementor-size-default\">Responda nossa pesquisa e participe do sorteio! <br>\ud83c\udf9f\ufe0f <\/h2>\t\t\t\t<\/div>\n\t\t\t\t<\/div>\n\t\t\t\t<div class=\"elementor-element elementor-element-a5368eb telefone-mascara elementor-button-align-stretch elementor-widget elementor-widget-form\" data-id=\"a5368eb\" data-element_type=\"widget\" data-e-type=\"widget\" data-settings=\"{&quot;step_next_label&quot;:&quot;Pr\\u00f3ximo&quot;,&quot;step_previous_label&quot;:&quot;Anterior&quot;,&quot;button_width&quot;:&quot;100&quot;,&quot;step_type&quot;:&quot;number_text&quot;,&quot;step_icon_shape&quot;:&quot;circle&quot;}\" data-widget_type=\"form.default\">\n\t\t\t\t<div class=\"elementor-widget-container\">\n\t\t\t\t\t\t\t<form class=\"elementor-form\" method=\"post\" name=\"Novo formul\u00e1rio\" aria-label=\"Novo formul\u00e1rio\">\r\n\t\t\t<input type=\"hidden\" name=\"post_id\" value=\"646\"\/>\r\n\t\t\t<input type=\"hidden\" name=\"form_id\" value=\"a5368eb\"\/>\r\n\t\t\t<input type=\"hidden\" name=\"referer_title\" value=\"Pesquisa - Mega Grooming Show\" \/>\r\n\r\n\t\t\t\t\t\t\t<input type=\"hidden\" name=\"queried_id\" value=\"646\"\/>\r\n\t\t\t\r\n\t\t\t<div class=\"elementor-form-fields-wrapper elementor-labels-above\">\r\n\t\t\t\t\t\t\t\t<div class=\"elementor-field-type-step elementor-field-group elementor-column elementor-field-group-field_8da8056 elementor-col-100\">\r\n\t\t\t\t\t\t\t<div class=\"e-field-step elementor-hidden\" data-label=\"\" data-previousButton=\"\" data-nextButton=\"\" data-iconUrl=\"\" data-iconLibrary=\"fas fa-star\" data-icon=\"&lt;svg class=&quot;e-font-icon-svg e-fas-star&quot; viewBox=&quot;0 0 576 512&quot; xmlns=&quot;http:\/\/www.w3.org\/2000\/svg&quot;&gt;&lt;path d=&quot;M259.3 17.8L194 150.2 47.9 171.5c-26.2 3.8-36.7 36.1-17.7 54.6l105.7 103-25 145.5c-4.5 26.3 23.2 46 46.4 33.7L288 439.6l130.7 68.7c23.2 12.2 50.9-7.4 46.4-33.7l-25-145.5 105.7-103c19-18.5 8.5-50.8-17.7-54.6L382 150.2 316.7 17.8c-11.7-23.6-45.6-23.9-57.4 0z&quot;&gt;&lt;\/path&gt;&lt;\/svg&gt;\" ><\/div>\r\n\r\n\t\t\t\t\t\t<\/div>\r\n\t\t\t\t\t\t\t\t<div class=\"elementor-field-type-date elementor-field-group elementor-column elementor-field-group-data_inicio elementor-col-100\">\r\n\t\t\t\t\t\t\t\t\t\t\t\t<label for=\"form-field-data_inicio\" class=\"elementor-field-label\">\r\n\t\t\t\t\t\t\t\tdata_inicio\t\t\t\t\t\t\t<\/label>\r\n\t\t\t\t\t\t\r\n\t\t<input type=\"date\" name=\"form_fields[data_inicio]\" id=\"form-field-data_inicio\" class=\"elementor-field elementor-size-sm  elementor-field-textual elementor-date-field\" placeholder=\"data_inicio\" pattern=\"[0-9]{4}-[0-9]{2}-[0-9]{2}\">\r\n\t\t\t\t\t\t<\/div>\r\n\t\t\t\t\t\t\t\t<div class=\"elementor-field-type-date elementor-field-group elementor-column elementor-field-group-data_fim elementor-col-100\">\r\n\t\t\t\t\t\t\t\t\t\t\t\t<label for=\"form-field-data_fim\" class=\"elementor-field-label\">\r\n\t\t\t\t\t\t\t\tdata_fim\t\t\t\t\t\t\t<\/label>\r\n\t\t\t\t\t\t\r\n\t\t<input type=\"date\" name=\"form_fields[data_fim]\" id=\"form-field-data_fim\" class=\"elementor-field elementor-size-sm  elementor-field-textual elementor-date-field\" placeholder=\"data_fim\" pattern=\"[0-9]{4}-[0-9]{2}-[0-9]{2}\">\r\n\t\t\t\t\t\t<\/div>\r\n\t\t\t\t\t\t\t\t<div class=\"elementor-field-type-text elementor-field-group elementor-column elementor-field-group-name elementor-col-100 elementor-field-required elementor-mark-required\">\r\n\t\t\t\t\t\t\t\t\t\t\t\t<label for=\"form-field-name\" class=\"elementor-field-label\">\r\n\t\t\t\t\t\t\t\tNome Completo\t\t\t\t\t\t\t<\/label>\r\n\t\t\t\t\t\t\t\t\t\t\t\t\t\t<input size=\"1\" type=\"text\" name=\"form_fields[name]\" id=\"form-field-name\" class=\"elementor-field elementor-size-sm  elementor-field-textual\" required=\"required\">\r\n\t\t\t\t\t\t\t\t\t\t\t<\/div>\r\n\t\t\t\t\t\t\t\t<div class=\"elementor-field-type-tel elementor-field-group elementor-column elementor-field-group-field_b6b1a2b elementor-col-100 elementor-field-required elementor-mark-required\">\r\n\t\t\t\t\t\t\t\t\t\t\t\t<label for=\"form-field-field_b6b1a2b\" class=\"elementor-field-label\">\r\n\t\t\t\t\t\t\t\tCPF\t\t\t\t\t\t\t<\/label>\r\n\t\t\t\t\t\t\t\t<input size=\"1\" type=\"tel\" name=\"form_fields[field_b6b1a2b]\" id=\"form-field-field_b6b1a2b\" class=\"elementor-field elementor-size-sm  elementor-field-textual\" required=\"required\" pattern=\"[0-9()#&amp;+*-=.]+\" title=\"Apenas n\u00fameros e caracteres de telefone (#, -, *, etc.) s\u00e3o aceitos.\">\r\n\r\n\t\t\t\t\t\t<\/div>\r\n\t\t\t\t\t\t\t\t<div class=\"elementor-field-type-email elementor-field-group elementor-column elementor-field-group-email elementor-col-100 elementor-field-required elementor-mark-required\">\r\n\t\t\t\t\t\t\t\t\t\t\t\t<label for=\"form-field-email\" class=\"elementor-field-label\">\r\n\t\t\t\t\t\t\t\tE-mail\t\t\t\t\t\t\t<\/label>\r\n\t\t\t\t\t\t\t\t\t\t\t\t\t\t<input size=\"1\" type=\"email\" name=\"form_fields[email]\" id=\"form-field-email\" class=\"elementor-field elementor-size-sm  elementor-field-textual\" required=\"required\">\r\n\t\t\t\t\t\t\t\t\t\t\t<\/div>\r\n\t\t\t\t\t\t\t\t<div class=\"elementor-field-type-tel elementor-field-group elementor-column elementor-field-group-message elementor-col-100 elementor-field-required elementor-mark-required\">\r\n\t\t\t\t\t\t\t\t\t\t\t\t<label for=\"form-field-message\" class=\"elementor-field-label\">\r\n\t\t\t\t\t\t\t\tWhatsApp \t\t\t\t\t\t\t<\/label>\r\n\t\t\t\t\t\t\t\t<input size=\"1\" type=\"tel\" name=\"form_fields[message]\" id=\"form-field-message\" class=\"elementor-field elementor-size-sm  elementor-field-textual\" placeholder=\"(DDD) 00000-0000\" required=\"required\" pattern=\"[0-9()#&amp;+*-=.]+\" title=\"Apenas n\u00fameros e caracteres de telefone (#, -, *, etc.) s\u00e3o aceitos.\">\r\n\r\n\t\t\t\t\t\t<\/div>\r\n\t\t\t\t\t\t\t\t<div class=\"elementor-field-type-step elementor-field-group elementor-column elementor-field-group-field_530f7c5 elementor-col-100\">\r\n\t\t\t\t\t\t\t<div class=\"e-field-step elementor-hidden\" data-label=\"\" data-previousButton=\"\" data-nextButton=\"\" data-iconUrl=\"\" data-iconLibrary=\"fas fa-star\" data-icon=\"&lt;svg class=&quot;e-font-icon-svg e-fas-star&quot; viewBox=&quot;0 0 576 512&quot; xmlns=&quot;http:\/\/www.w3.org\/2000\/svg&quot;&gt;&lt;path d=&quot;M259.3 17.8L194 150.2 47.9 171.5c-26.2 3.8-36.7 36.1-17.7 54.6l105.7 103-25 145.5c-4.5 26.3 23.2 46 46.4 33.7L288 439.6l130.7 68.7c23.2 12.2 50.9-7.4 46.4-33.7l-25-145.5 105.7-103c19-18.5 8.5-50.8-17.7-54.6L382 150.2 316.7 17.8c-11.7-23.6-45.6-23.9-57.4 0z&quot;&gt;&lt;\/path&gt;&lt;\/svg&gt;\" ><\/div>\r\n\r\n\t\t\t\t\t\t<\/div>\r\n\t\t\t\t\t\t\t\t<div class=\"elementor-field-type-textarea elementor-field-group elementor-column elementor-field-group-field_1a548d8 elementor-col-100 elementor-field-required elementor-mark-required\">\r\n\t\t\t\t\t\t\t\t\t\t\t\t<label for=\"form-field-field_1a548d8\" class=\"elementor-field-label\">\r\n\t\t\t\t\t\t\t\t1. O que levou voc\u00ea a escolher os produtos <b>HYDRA<\/b> para o seu pet shop?\t\t\t\t\t\t\t<\/label>\r\n\t\t\t\t\t\t<textarea class=\"elementor-field-textual elementor-field  elementor-size-sm\" name=\"form_fields[field_1a548d8]\" id=\"form-field-field_1a548d8\" rows=\"2\" required=\"required\"><\/textarea>\t\t\t\t<\/div>\r\n\t\t\t\t\t\t\t\t<div class=\"elementor-field-type-checkbox elementor-field-group elementor-column elementor-field-group-field_840af05 elementor-col-100\">\r\n\t\t\t\t\t\t\t\t\t\t\t\t<label for=\"form-field-field_840af05\" class=\"elementor-field-label\">\r\n\t\t\t\t\t\t\t\t2. Quais produtos voc\u00ea utiliza em seu espa\u00e7o?<br>  <span style=\"font-size: 15px; font-style: italic;\">Obs: Voc\u00ea pode marcar mais de uma alternativa.<\/span>\t\t\t\t\t\t\t<\/label>\r\n\t\t\t\t\t\t<div class=\"elementor-field-subgroup  \"><span class=\"elementor-field-option\"><input type=\"checkbox\" value=\"Col\u00f4nias\" id=\"form-field-field_840af05-0\" name=\"form_fields[field_840af05][]\"> <label for=\"form-field-field_840af05-0\">Col\u00f4nias<\/label><\/span><span class=\"elementor-field-option\"><input type=\"checkbox\" value=\"Shampoos e Condicionadores\" id=\"form-field-field_840af05-1\" name=\"form_fields[field_840af05][]\"> <label for=\"form-field-field_840af05-1\">Shampoos e Condicionadores<\/label><\/span><span class=\"elementor-field-option\"><input type=\"checkbox\" value=\"Hidrata\u00e7\u00f5es\" id=\"form-field-field_840af05-2\" name=\"form_fields[field_840af05][]\"> <label for=\"form-field-field_840af05-2\">Hidrata\u00e7\u00f5es<\/label><\/span><span class=\"elementor-field-option\"><input type=\"checkbox\" value=\"Outros\" id=\"form-field-field_840af05-3\" name=\"form_fields[field_840af05][]\"> <label for=\"form-field-field_840af05-3\">Outros<\/label><\/span><\/div>\t\t\t\t<\/div>\r\n\t\t\t\t\t\t\t\t<div class=\"elementor-field-type-checkbox elementor-field-group elementor-column elementor-field-group-field_1ee4d65 elementor-col-100\">\r\n\t\t\t\t\t\t\t\t\t\t\t\t<label for=\"form-field-field_1ee4d65\" class=\"elementor-field-label\">\r\n\t\t\t\t\t\t\t\t3. Onde voc\u00ea costuma comprar produtos da <b>HYDRA<\/b>?<br>  <span style=\"font-size: 15px; font-style: italic;\">Obs: Voc\u00ea pode marcar mais de uma alternativa.<\/span>\t\t\t\t\t\t\t<\/label>\r\n\t\t\t\t\t\t<div class=\"elementor-field-subgroup  \"><span class=\"elementor-field-option\"><input type=\"checkbox\" value=\"Distribuidores oficiais\" id=\"form-field-field_1ee4d65-0\" name=\"form_fields[field_1ee4d65][]\"> <label for=\"form-field-field_1ee4d65-0\">Distribuidores oficiais<\/label><\/span><span class=\"elementor-field-option\"><input type=\"checkbox\" value=\"Lojas f\u00edsicas de produtos pet\" id=\"form-field-field_1ee4d65-1\" name=\"form_fields[field_1ee4d65][]\"> <label for=\"form-field-field_1ee4d65-1\">Lojas f\u00edsicas de produtos pet<\/label><\/span><span class=\"elementor-field-option\"><input type=\"checkbox\" value=\"Lojas online\" id=\"form-field-field_1ee4d65-2\" name=\"form_fields[field_1ee4d65][]\"> <label for=\"form-field-field_1ee4d65-2\">Lojas online<\/label><\/span><span class=\"elementor-field-option\"><input type=\"checkbox\" value=\"Outros\" id=\"form-field-field_1ee4d65-3\" name=\"form_fields[field_1ee4d65][]\"> <label for=\"form-field-field_1ee4d65-3\">Outros<\/label><\/span><\/div>\t\t\t\t<\/div>\r\n\t\t\t\t\t\t\t\t<div class=\"elementor-field-type-radio elementor-field-group elementor-column elementor-field-group-field_c7061eb elementor-col-100 elementor-field-required elementor-mark-required\">\r\n\t\t\t\t\t\t\t\t\t\t\t\t<label for=\"form-field-field_c7061eb\" class=\"elementor-field-label\">\r\n\t\t\t\t\t\t\t\t4. Voc\u00ea percebe uma diferen\u00e7a nos resultados do banho e tosa ao usar os produtos <b>HYDRA<\/b>?\t\t\t\t\t\t\t<\/label>\r\n\t\t\t\t\t\t<div class=\"elementor-field-subgroup  \"><span class=\"elementor-field-option\"><input type=\"radio\" value=\"Sim, melhorou significativamente\" id=\"form-field-field_c7061eb-0\" name=\"form_fields[field_c7061eb]\" required=\"required\"> <label for=\"form-field-field_c7061eb-0\">Sim, melhorou significativamente<\/label><\/span><span class=\"elementor-field-option\"><input type=\"radio\" value=\"Sim, mas pouca diferen\u00e7a\" id=\"form-field-field_c7061eb-1\" name=\"form_fields[field_c7061eb]\" required=\"required\"> <label for=\"form-field-field_c7061eb-1\">Sim, mas pouca diferen\u00e7a<\/label><\/span><span class=\"elementor-field-option\"><input type=\"radio\" value=\"N\u00e3o vejo diferen\u00e7a\" id=\"form-field-field_c7061eb-2\" name=\"form_fields[field_c7061eb]\" required=\"required\"> <label for=\"form-field-field_c7061eb-2\">N\u00e3o vejo diferen\u00e7a<\/label><\/span><span class=\"elementor-field-option\"><input type=\"radio\" value=\"Nunca usei profissionalmente\" id=\"form-field-field_c7061eb-3\" name=\"form_fields[field_c7061eb]\" required=\"required\"> <label for=\"form-field-field_c7061eb-3\">Nunca usei profissionalmente<\/label><\/span><\/div>\t\t\t\t<\/div>\r\n\t\t\t\t\t\t\t\t<div class=\"elementor-field-type-radio elementor-field-group elementor-column elementor-field-group-field_45d1793 elementor-col-100 elementor-field-required elementor-mark-required\">\r\n\t\t\t\t\t\t\t\t\t\t\t\t<label for=\"form-field-field_45d1793\" class=\"elementor-field-label\">\r\n\t\t\t\t\t\t\t\t5. Como voc\u00ea avalia a qualidade dos produtos <b>HYDRA<\/b> em compara\u00e7\u00e3o com outras marcas?\t\t\t\t\t\t\t<\/label>\r\n\t\t\t\t\t\t<div class=\"elementor-field-subgroup  \"><span class=\"elementor-field-option\"><input type=\"radio\" value=\"Inferior\" id=\"form-field-field_45d1793-0\" name=\"form_fields[field_45d1793]\" required=\"required\"> <label for=\"form-field-field_45d1793-0\">Inferior<\/label><\/span><span class=\"elementor-field-option\"><input type=\"radio\" value=\"Igual\" id=\"form-field-field_45d1793-1\" name=\"form_fields[field_45d1793]\" required=\"required\"> <label for=\"form-field-field_45d1793-1\">Igual<\/label><\/span><span class=\"elementor-field-option\"><input type=\"radio\" value=\"Superior\" id=\"form-field-field_45d1793-2\" name=\"form_fields[field_45d1793]\" required=\"required\"> <label for=\"form-field-field_45d1793-2\">Superior<\/label><\/span><\/div>\t\t\t\t<\/div>\r\n\t\t\t\t\t\t\t\t<div class=\"elementor-field-type-radio elementor-field-group elementor-column elementor-field-group-field_fb1f172 elementor-col-100 elementor-field-required elementor-mark-required\">\r\n\t\t\t\t\t\t\t\t\t\t\t\t<label for=\"form-field-field_fb1f172\" class=\"elementor-field-label\">\r\n\t\t\t\t\t\t\t\t6. Voc\u00ea acha que os produtos da <b>HYDRA<\/b> oferecem um bom custo-benef\u00edcio?\t\t\t\t\t\t\t<\/label>\r\n\t\t\t\t\t\t<div class=\"elementor-field-subgroup  \"><span class=\"elementor-field-option\"><input type=\"radio\" value=\"Sim, vale muito a pena\" id=\"form-field-field_fb1f172-0\" name=\"form_fields[field_fb1f172]\" required=\"required\"> <label for=\"form-field-field_fb1f172-0\">Sim, vale muito a pena<\/label><\/span><span class=\"elementor-field-option\"><input type=\"radio\" value=\"Depende do produto\" id=\"form-field-field_fb1f172-1\" name=\"form_fields[field_fb1f172]\" required=\"required\"> <label for=\"form-field-field_fb1f172-1\">Depende do produto<\/label><\/span><span class=\"elementor-field-option\"><input type=\"radio\" value=\"N\u00e3o, acho caro para o que entrega\" id=\"form-field-field_fb1f172-2\" name=\"form_fields[field_fb1f172]\" required=\"required\"> <label for=\"form-field-field_fb1f172-2\">N\u00e3o, acho caro para o que entrega<\/label><\/span><\/div>\t\t\t\t<\/div>\r\n\t\t\t\t\t\t\t\t<div class=\"elementor-field-type-select elementor-field-group elementor-column elementor-field-group-field_2d9b9f5 elementor-col-100 elementor-field-required elementor-mark-required\">\r\n\t\t\t\t\t\t\t\t\t\t\t\t<label for=\"form-field-field_2d9b9f5\" class=\"elementor-field-label\">\r\n\t\t\t\t\t\t\t\t7. Voc\u00ea recomendaria os produtos <b>HYDRA<\/b> by Pet Society para outros profissionais do setor pet?\t\t\t\t\t\t\t<\/label>\r\n\t\t\t\t\t\t\t\t<div class=\"elementor-field elementor-select-wrapper remove-before \">\r\n\t\t\t<div class=\"select-caret-down-wrapper\">\r\n\t\t\t\t<svg aria-hidden=\"true\" class=\"e-font-icon-svg e-eicon-caret-down\" viewBox=\"0 0 571.4 571.4\" xmlns=\"http:\/\/www.w3.org\/2000\/svg\"><path d=\"M571 393Q571 407 561 418L311 668Q300 679 286 679T261 668L11 418Q0 407 0 393T11 368 36 357H536Q550 357 561 368T571 393Z\"><\/path><\/svg>\t\t\t<\/div>\r\n\t\t\t<select name=\"form_fields[field_2d9b9f5]\" id=\"form-field-field_2d9b9f5\" class=\"elementor-field-textual elementor-size-sm\" required=\"required\">\r\n\t\t\t\t\t\t\t\t\t<option value=\"Sim \">Sim <\/option>\r\n\t\t\t\t\t\t\t\t\t<option value=\"N\u00e3o\">N\u00e3o<\/option>\r\n\t\t\t\t\t\t\t<\/select>\r\n\t\t<\/div>\r\n\t\t\t\t\t\t<\/div>\r\n\t\t\t\t\t\t\t\t<div class=\"elementor-field-type-radio elementor-field-group elementor-column elementor-field-group-field_e649e7f elementor-col-100 elementor-field-required elementor-mark-required\">\r\n\t\t\t\t\t\t\t\t\t\t\t\t<label for=\"form-field-field_e649e7f\" class=\"elementor-field-label\">\r\n\t\t\t\t\t\t\t\t8. Voc\u00ea sente dificuldade em encontrar os produtos <b>HYDRA<\/b> para comprar?\t\t\t\t\t\t\t<\/label>\r\n\t\t\t\t\t\t<div class=\"elementor-field-subgroup  \"><span class=\"elementor-field-option\"><input type=\"radio\" value=\"Sim, sempre encontro dificuldades\" id=\"form-field-field_e649e7f-0\" name=\"form_fields[field_e649e7f]\" required=\"required\"> <label for=\"form-field-field_e649e7f-0\">Sim, sempre encontro dificuldades<\/label><\/span><span class=\"elementor-field-option\"><input type=\"radio\" value=\"\u00c0s vezes \u00e9 dif\u00edcil encontrar\" id=\"form-field-field_e649e7f-1\" name=\"form_fields[field_e649e7f]\" required=\"required\"> <label for=\"form-field-field_e649e7f-1\">\u00c0s vezes \u00e9 dif\u00edcil encontrar<\/label><\/span><span class=\"elementor-field-option\"><input type=\"radio\" value=\"N\u00e3o, encontro f\u00e1cil\" id=\"form-field-field_e649e7f-2\" name=\"form_fields[field_e649e7f]\" required=\"required\"> <label for=\"form-field-field_e649e7f-2\">N\u00e3o, encontro f\u00e1cil<\/label><\/span><\/div>\t\t\t\t<\/div>\r\n\t\t\t\t\t\t\t\t<div class=\"elementor-field-type-radio elementor-field-group elementor-column elementor-field-group-field_94db29c elementor-col-100 elementor-field-required elementor-mark-required\">\r\n\t\t\t\t\t\t\t\t\t\t\t\t<label for=\"form-field-field_94db29c\" class=\"elementor-field-label\">\r\n\t\t\t\t\t\t\t\t9. Qual a percep\u00e7\u00e3o dos tutores de pets ap\u00f3s o banho com os produtos <b>HYDRA<\/b>? O que eles costumam dizer para voc\u00ea sobre os resultados?\t\t\t\t\t\t\t<\/label>\r\n\t\t\t\t\t\t<div class=\"elementor-field-subgroup  \"><span class=\"elementor-field-option\"><input type=\"radio\" value=\"Ficaram muito satisfeitos, notaram diferen\u00e7a no pelo\/pele do pet\" id=\"form-field-field_94db29c-0\" name=\"form_fields[field_94db29c]\" required=\"required\"> <label for=\"form-field-field_94db29c-0\">Ficaram muito satisfeitos, notaram diferen\u00e7a no pelo\/pele do pet<\/label><\/span><span class=\"elementor-field-option\"><input type=\"radio\" value=\"Ficaram satisfeitos, mas n\u00e3o notaram muita diferen\u00e7a\" id=\"form-field-field_94db29c-1\" name=\"form_fields[field_94db29c]\" required=\"required\"> <label for=\"form-field-field_94db29c-1\">Ficaram satisfeitos, mas n\u00e3o notaram muita diferen\u00e7a<\/label><\/span><span class=\"elementor-field-option\"><input type=\"radio\" value=\"N\u00e3o percebo diferen\u00e7a nas opini\u00f5es dos tutores\" id=\"form-field-field_94db29c-2\" name=\"form_fields[field_94db29c]\" required=\"required\"> <label for=\"form-field-field_94db29c-2\">N\u00e3o percebo diferen\u00e7a nas opini\u00f5es dos tutores<\/label><\/span><span class=\"elementor-field-option\"><input type=\"radio\" value=\"Nunca usei profissionalmente\" id=\"form-field-field_94db29c-3\" name=\"form_fields[field_94db29c]\" required=\"required\"> <label for=\"form-field-field_94db29c-3\">Nunca usei profissionalmente<\/label><\/span><\/div>\t\t\t\t<\/div>\r\n\t\t\t\t\t\t\t\t<div class=\"elementor-field-type-textarea elementor-field-group elementor-column elementor-field-group-field_20a83aa elementor-col-100\">\r\n\t\t\t\t\t\t\t\t\t\t\t\t<label for=\"form-field-field_20a83aa\" class=\"elementor-field-label\">\r\n\t\t\t\t\t\t\t\t10. Espa\u00e7o para cr\u00edticas, elogios e sugest\u00f5es:\t\t\t\t\t\t\t<\/label>\r\n\t\t\t\t\t\t<textarea class=\"elementor-field-textual elementor-field  elementor-size-sm\" name=\"form_fields[field_20a83aa]\" id=\"form-field-field_20a83aa\" rows=\"4\"><\/textarea>\t\t\t\t<\/div>\r\n\t\t\t\t\t\t\t\t<div class=\"elementor-field-type-acceptance elementor-field-group elementor-column elementor-field-group-field_1be5a85 elementor-col-100\">\r\n\t\t\t\t\t\t\t<div class=\"elementor-field-subgroup\">\r\n\t\t\t<span class=\"elementor-field-option\">\r\n\t\t\t\t<input type=\"checkbox\" name=\"form_fields[field_1be5a85]\" id=\"form-field-field_1be5a85\" class=\"elementor-field elementor-size-sm  elementor-acceptance-field\">\r\n\t\t\t\t<label for=\"form-field-field_1be5a85\">Ao clicar em 'Enviar', voc\u00ea concorda com nossos Termos de Uso e Pol\u00edtica de Privacidade, e autoriza o envio de e-mails e mensagens com lan\u00e7amentos, novidades, dicas e promo\u00e7\u00f5es ao seu cadastro.<\/label>\t\t\t<\/span>\r\n\t\t<\/div>\r\n\t\t\t\t\t\t<\/div>\r\n\t\t\t\t\t\t\t\t<div class=\"elementor-field-group elementor-column elementor-field-type-submit elementor-col-100 e-form__buttons\">\r\n\t\t\t\t\t<button class=\"elementor-button elementor-size-sm elementor-animation-grow\" type=\"submit\">\r\n\t\t\t\t\t\t<span class=\"elementor-button-content-wrapper\">\r\n\t\t\t\t\t\t\t\t\t\t\t\t\t\t\t\t\t\t\t\t\t\t<span class=\"elementor-button-text\">Enviar<\/span>\r\n\t\t\t\t\t\t\t\t\t\t\t\t\t<\/span>\r\n\t\t\t\t\t<\/button>\r\n\t\t\t\t<\/div>\r\n\t\t\t<\/div>\r\n\t\t<\/form>\r\n\t\t\t\t\t\t<\/div>\n\t\t\t\t<\/div>\n\t\t\t\t<\/div>\n\t\t\t\t\t<\/div>\n\t\t\t\t<\/div>\n\t\t<div class=\"elementor-element elementor-element-12c39cb e-flex e-con-boxed e-con e-parent\" data-id=\"12c39cb\" data-element_type=\"container\" data-e-type=\"container\">\n\t\t\t\t\t<div class=\"e-con-inner\">\n\t\t\t\t\t<\/div>\n\t\t\t\t<\/div>\n\t\t\t\t<\/div>\n\t\t","protected":false},"excerpt":{"rendered":"<p>Responda a nuestra encuesta y participe en el sorteo \ud83c\udf9f\ufe0f<\/p>","protected":false},"author":1,"featured_media":0,"parent":0,"menu_order":0,"comment_status":"closed","ping_status":"closed","template":"elementor_canvas","meta":{"footnotes":""},"class_list":["post-646","page","type-page","status-publish","hentry"],"_links":{"self":[{"href":"https:\/\/megagroomingshow.com.br\/es\/wp-json\/wp\/v2\/pages\/646","targetHints":{"allow":["GET"]}}],"collection":[{"href":"https:\/\/megagroomingshow.com.br\/es\/wp-json\/wp\/v2\/pages"}],"about":[{"href":"https:\/\/megagroomingshow.com.br\/es\/wp-json\/wp\/v2\/types\/page"}],"author":[{"embeddable":true,"href":"https:\/\/megagroomingshow.com.br\/es\/wp-json\/wp\/v2\/users\/1"}],"replies":[{"embeddable":true,"href":"https:\/\/megagroomingshow.com.br\/es\/wp-json\/wp\/v2\/comments?post=646"}],"version-history":[{"count":0,"href":"https:\/\/megagroomingshow.com.br\/es\/wp-json\/wp\/v2\/pages\/646\/revisions"}],"wp:attachment":[{"href":"https:\/\/megagroomingshow.com.br\/es\/wp-json\/wp\/v2\/media?parent=646"}],"curies":[{"name":"wp","href":"https:\/\/api.w.org\/{rel}","templated":true}]}}